{"id":736,"date":"2022-09-15T16:08:14","date_gmt":"2022-09-15T16:08:14","guid":{"rendered":"https:\/\/svetovanje-susa.si\/?page_id=736"},"modified":"2022-09-15T16:09:36","modified_gmt":"2022-09-15T16:09:36","slug":"recent-training","status":"publish","type":"page","link":"https:\/\/svetovanje-susa.si\/en\/recent-training\/","title":{"rendered":"Recent Training"},"content":{"rendered":"\t\t<div data-elementor-type=\"wp-page\" data-elementor-id=\"736\" class=\"elementor elementor-736 elementor-645\" data-elementor-post-type=\"page\">\n\t\t\t\t\t\t\t\t\t<section class=\"elementor-section elementor-top-section elementor-element elementor-element-7ad938b elementor-section-boxed elementor-section-height-default elementor-section-height-default\" data-id=\"7ad938b\" data-element_type=\"section\">\n\t\t\t\t\t\t<div class=\"elementor-container elementor-column-gap-default\">\n\t\t\t\t\t<div class=\"elementor-column elementor-col-100 elementor-top-column elementor-element elementor-element-fff2eb3\" data-id=\"fff2eb3\" data-element_type=\"column\">\n\t\t\t<div class=\"elementor-widget-wrap elementor-element-populated\">\n\t\t\t\t\t\t\t\t<div class=\"elementor-element elementor-element-bdde167 elementor-widget elementor-widget-text-editor\" data-id=\"bdde167\" data-element_type=\"widget\" data-widget_type=\"text-editor.default\">\n\t\t\t\t<div class=\"elementor-widget-container\">\n\t\t\t\t\t\t\t<p><strong>RECENT TRAINING:<\/strong><\/p><p>MOTNJE HRANJENJA IN PREHRANJEVANJA \u2013 V TEORIJI IN PRAKSI, PREDAVATELJICA<\/p><p>ANDREJA MODRIN \u0160VAB (SKZP, Svetovalnica Muza, maj 2021)<\/p><p>OBREMENJUJO\u010cE IZKU\u0160NJE V OTRO\u0160TVU, (MEDNARODNI PROJEKT MARTE &#8211; CENTER TIAMA<br \/>IZ MILANA &#8211; CENTER ZA ZDRAVLJENJE TRAVM V OTRO\u0160TVU IN MLADOSTNI\u0160TVU, junij 2021-<br \/>oktober 2021)<\/p><p>ZA TERAPEVTE UPORABNA SPOZNANJA V LU\u010cI LGBT+, PREDAVATELJICA BLA\u017dKA BALOH<br \/>PLAHUTNIK, Legebitra (junij 2021)<\/p><p>THE ROPE THAT WEARS THIN, GUILT: MANIFESTATIONS, MEANINGS AND CLINICAL<br \/>CHALLENGES (NSCIENCE, PREDAVATELJICA DR. JAN MCGREGOR HEPBURN, junij 2021)<\/p><p>THE IMPACT OF CHILDHOOD SEXUAL ABUSE ON MASCULINITY AND SEXUAL IDENTITIES,<br \/>(NSCIENCE, PREDAVATELJICA CHRISTINE SANDERSON, oktober 2021)<\/p><p>EDUCATIONAL WORKSHOPS PSYCHOLOGY OF ANXIETY \u2013 CONCEPTS AND<br \/>SKILLS IN TREATING ANXIETY DISORDERS (november 2021 \u2013 june 2022, 48<br \/>hours of training, lecturers: Aleksandra P. Me\u0161ko, spec. Clinical psychologist<br \/>and Nu\u0161a Klinar, a psychologist)<\/p>\t\t\t\t\t\t<\/div>\n\t\t\t\t<\/div>\n\t\t\t\t\t<\/div>\n\t\t<\/div>\n\t\t\t\t\t\t\t<\/div>\n\t\t<\/section>\n\t\t\t\t\t\t\t<\/div>\n\t\t","protected":false},"excerpt":{"rendered":"<p>RECENT TRAINING: MOTNJE HRANJENJA IN PREHRANJEVANJA \u2013 V TEORIJI IN PRAKSI, PREDAVATELJICA ANDREJA MODRIN \u0160VAB (SKZP, Svetovalnica Muza, maj 2021) OBREMENJUJO\u010cE IZKU\u0160NJE V OTRO\u0160TVU, (MEDNARODNI PROJEKT MARTE &#8211; CENTER TIAMAIZ MILANA &#8211; CENTER ZA ZDRAVLJENJE TRAVM V OTRO\u0160TVU IN MLADOSTNI\u0160TVU, junij 2021-oktober 2021) ZA TERAPEVTE UPORABNA SPOZNANJA V LU\u010cI LGBT+, PREDAVATELJICA BLA\u017dKA BALOHPLAHUTNIK, Legebitra (junij [&hellip;]<\/p>\n","protected":false},"author":1,"featured_media":0,"parent":0,"menu_order":0,"comment_status":"closed","ping_status":"closed","template":"","meta":{"footnotes":""},"class_list":["post-736","page","type-page","status-publish","hentry"],"_links":{"self":[{"href":"https:\/\/svetovanje-susa.si\/en\/wp-json\/wp\/v2\/pages\/736","targetHints":{"allow":["GET"]}}],"collection":[{"href":"https:\/\/svetovanje-susa.si\/en\/wp-json\/wp\/v2\/pages"}],"about":[{"href":"https:\/\/svetovanje-susa.si\/en\/wp-json\/wp\/v2\/types\/page"}],"author":[{"embeddable":true,"href":"https:\/\/svetovanje-susa.si\/en\/wp-json\/wp\/v2\/users\/1"}],"replies":[{"embeddable":true,"href":"https:\/\/svetovanje-susa.si\/en\/wp-json\/wp\/v2\/comments?post=736"}],"version-history":[{"count":4,"href":"https:\/\/svetovanje-susa.si\/en\/wp-json\/wp\/v2\/pages\/736\/revisions"}],"predecessor-version":[{"id":740,"href":"https:\/\/svetovanje-susa.si\/en\/wp-json\/wp\/v2\/pages\/736\/revisions\/740"}],"wp:attachment":[{"href":"https:\/\/svetovanje-susa.si\/en\/wp-json\/wp\/v2\/media?parent=736"}],"curies":[{"name":"wp","href":"https:\/\/api.w.org\/{rel}","templated":true}]}}